{"id":62,"date":"2018-08-20T17:52:28","date_gmt":"2018-08-20T17:52:28","guid":{"rendered":"http:\/\/lebenswert-hoch3.de\/?page_id=62"},"modified":"2018-08-28T03:09:09","modified_gmt":"2018-08-28T03:09:09","slug":"tinyhouse","status":"publish","type":"page","link":"https:\/\/lebenswert-hoch3.de\/?page_id=62","title":{"rendered":"Tinyhouse"},"content":{"rendered":"<p><strong>Tinyhouse<\/strong><\/p>\n<p>\r\n\t\t\t\t\t\n\r\n\t\t\t\t\t<!-- START UNITE GALLERY 1.7.62 -->\r\n\t\t\t\t\t\r\n\t\t\t\t\n\t\t\t<div id='unitegallery_13_1' class='unite-gallery' style='margin:0px auto;'>\n\t\t\t\t\n\n\t\t\t\t\t\t<img alt=\"100_0885\"\n\t\t\t\t\t\t     src=\"\" data-image=\"https:\/\/lebenswert-hoch3.de\/wp-content\/uploads\/2018\/08\/100_0885.jpg\"\n\t\t\t\t\t\t     data-thumb=\"https:\/\/lebenswert-hoch3.de\/wp-content\/uploads\/2018\/08\/100_0885-300x225.jpg\"\n\t\t\t\t\t\t     title=\"\"\n\t\t\t\t\t\t     style=\"display:none\">\n\n\t\t\t\t\t\t<img alt=\"100_0889\"\n\t\t\t\t\t\t     src=\"\" data-image=\"https:\/\/lebenswert-hoch3.de\/wp-content\/uploads\/2018\/08\/100_0889.jpg\"\n\t\t\t\t\t\t     data-thumb=\"https:\/\/lebenswert-hoch3.de\/wp-content\/uploads\/2018\/08\/100_0889-300x225.jpg\"\n\t\t\t\t\t\t     title=\"\"\n\t\t\t\t\t\t     style=\"display:none\">\n\n\t\t\t\t\t\t<img alt=\"100_0888\"\n\t\t\t\t\t\t     src=\"\" data-image=\"https:\/\/lebenswert-hoch3.de\/wp-content\/uploads\/2018\/08\/100_0888.jpg\"\n\t\t\t\t\t\t     data-thumb=\"https:\/\/lebenswert-hoch3.de\/wp-content\/uploads\/2018\/08\/100_0888-300x225.jpg\"\n\t\t\t\t\t\t     title=\"\"\n\t\t\t\t\t\t     style=\"display:none\">\n\n\t\t\t\t\t\t<img alt=\"100_0886\"\n\t\t\t\t\t\t     src=\"\" data-image=\"https:\/\/lebenswert-hoch3.de\/wp-content\/uploads\/2018\/08\/100_0886.jpg\"\n\t\t\t\t\t\t     data-thumb=\"https:\/\/lebenswert-hoch3.de\/wp-content\/uploads\/2018\/08\/100_0886-300x225.jpg\"\n\t\t\t\t\t\t     title=\"\"\n\t\t\t\t\t\t     style=\"display:none\">\n\t\t\t<\/div>\n\n\t\t\t<script type='text\/javascript'>\n\t\t\t\twindow.onload = function(e) {\n\t\t\t\t\tif(typeof ugCheckForErrors == \"undefined\"){\n\t\t\t\t\t\tdocument.getElementById(\"unitegallery_13_1\").innerHTML = \"<span style='color:red'>Unite Gallery Error - gallery js and css files not included in the footer. Please make sure that wp_footer() function is added to your theme.<\/span>\";}\n\t\t\t\t\telse{ ugCheckForErrors(\"unitegallery_13_1\", \"jquery\");}\n\t\t\t\t};\n\t\t\t<\/script>\n\n\t\t\t<!-- END UNITEGALLERY --><\/p>\n<p>Ein weiteres Projekt von uns sind die Tinyhouses. Das sind kleine H\u00e4user um die ca. 15qm Wohnfl\u00e4che die auf R\u00e4dern unterwegs sind.\u00a0 Sie verf\u00fcgen \u00fcber alles Wesentliche was man so braucht: Ein Schlafbereich, Wohnbereich mit Kochnische und einer Toilette mit Dusche.<\/p>\n<p>Ein Tinyhouse ist nicht sowas wie ein Wohnwagen, mit dem man durch das Land oder auch durch die Welt f\u00e4hrt, sondern eher ein \u201eeigenes Dach \u00fcber dem Kopf\u201c zu haben f\u00fcr wenig Geld. Zudem k\u00f6nnte man auch den Wohnort wechseln. Es geht haupts\u00e4chlich darum, das Wesentliche um sich zu haben und kein finanzielles Risiko einzugehen, zudem ist man Unabh\u00e4ngiger und somit auch freier.<\/p>\n<p>Ein sehr bekanntes Beispiel f\u00fcr ein Tinyhouse ist die Sendung L\u00f6wenzahn mit Peter Lustig.<\/p>\n<p>&nbsp;<\/p>\n<p>Wir wollen Menschen erm\u00f6glichen sich diesen kleinen Traum vom Eigenheim auf R\u00e4dern zu verwirklichen.<\/p>\n","protected":false},"excerpt":{"rendered":"<p>Tinyhouse Ein weiteres Projekt von uns sind die Tinyhouses. Das sind kleine H\u00e4user um die ca. 15qm Wohnfl\u00e4che die auf R\u00e4dern unterwegs sind.\u00a0 Sie verf\u00fcgen \u00fcber alles Wesentliche was man so braucht: Ein Schlafbereich, Wohnbereich mit Kochnische und einer Toilette mit Dusche. Ein Tinyhouse ist nicht sowas wie ein Wohnwagen, mit dem man durch das &hellip; <a href=\"https:\/\/lebenswert-hoch3.de\/?page_id=62\" class=\"more-link\"><span class=\"screen-reader-text\">Tinyhouse<\/span> weiterlesen<\/a><\/p>\n","protected":false},"author":1,"featured_media":0,"parent":0,"menu_order":0,"comment_status":"closed","ping_status":"closed","template":"","meta":{"give_campaign_id":0,"footnotes":""},"class_list":["post-62","page","type-page","status-publish","hentry"],"campaignId":"","_links":{"self":[{"href":"https:\/\/lebenswert-hoch3.de\/index.php?rest_route=\/wp\/v2\/pages\/62","targetHints":{"allow":["GET"]}}],"collection":[{"href":"https:\/\/lebenswert-hoch3.de\/index.php?rest_route=\/wp\/v2\/pages"}],"about":[{"href":"https:\/\/lebenswert-hoch3.de\/index.php?rest_route=\/wp\/v2\/types\/page"}],"author":[{"embeddable":true,"href":"https:\/\/lebenswert-hoch3.de\/index.php?rest_route=\/wp\/v2\/users\/1"}],"replies":[{"embeddable":true,"href":"https:\/\/lebenswert-hoch3.de\/index.php?rest_route=%2Fwp%2Fv2%2Fcomments&post=62"}],"version-history":[{"count":2,"href":"https:\/\/lebenswert-hoch3.de\/index.php?rest_route=\/wp\/v2\/pages\/62\/revisions"}],"predecessor-version":[{"id":285,"href":"https:\/\/lebenswert-hoch3.de\/index.php?rest_route=\/wp\/v2\/pages\/62\/revisions\/285"}],"wp:attachment":[{"href":"https:\/\/lebenswert-hoch3.de\/index.php?rest_route=%2Fwp%2Fv2%2Fmedia&parent=62"}],"curies":[{"name":"wp","href":"https:\/\/api.w.org\/{rel}","templated":true}]}}