{"id":611,"date":"2021-12-21T20:46:02","date_gmt":"2021-12-21T20:46:02","guid":{"rendered":"https:\/\/lebenswert-hoch3.de\/?page_id=611"},"modified":"2021-12-21T20:46:02","modified_gmt":"2021-12-21T20:46:02","slug":"spenden-gnadenhof-und-lebenswert%c2%b3","status":"publish","type":"page","link":"https:\/\/lebenswert-hoch3.de\/?page_id=611","title":{"rendered":"Spenden Gnadenhof und Lebenswert\u00b3"},"content":{"rendered":"\n<div class=\"wp-block-image\"><figure class=\"aligncenter size-large is-resized\"><img decoding=\"async\" src=\"https:\/\/lebenswert-hoch3.de\/wp-content\/uploads\/2021\/10\/IMG-20211005-WA0050-768x1024.jpg\" alt=\"\" class=\"wp-image-458\" width=\"-349\" height=\"-465\" srcset=\"https:\/\/lebenswert-hoch3.de\/wp-content\/uploads\/2021\/10\/IMG-20211005-WA0050-768x1024.jpg 768w, https:\/\/lebenswert-hoch3.de\/wp-content\/uploads\/2021\/10\/IMG-20211005-WA0050-225x300.jpg 225w, https:\/\/lebenswert-hoch3.de\/wp-content\/uploads\/2021\/10\/IMG-20211005-WA0050-576x768.jpg 576w, https:\/\/lebenswert-hoch3.de\/wp-content\/uploads\/2021\/10\/IMG-20211005-WA0050.jpg 966w\" sizes=\"(max-width: 768px) 100vw, 768px\" \/><\/figure><\/div>\n\n\n\n<p>Lieber Spender, <\/p>\n\n\n\n<p>vielen herzlichen Dank, dass Du Dich f\u00fcr eine Spende zur Unterst\u00fctzung der Arbeit hier bei Lebenswert\u00b3 gUG entschieden hast. Wir freuen uns sehr dar\u00fcber<\/p>\n\n\n\n<p>Unsere Bankverbindung:<\/p>\n\n\n\n<div class=\"wp-block-group\"><div class=\"wp-block-group__inner-container is-layout-flow wp-block-group-is-layout-flow\">\n<ul class=\"wp-block-list\"><li>Lebenswert\u00b3 gUG       <\/li><li>Kreissparkasse Nordhausen<\/li><li>DE15 8205 4052 0305 0319 10 <\/li><li>BIC HELADEF1NOR<\/li><\/ul>\n\n\n\n<p>oder <\/p>\n\n\n\n<div class=\"wp-block-buttons is-content-justification-left is-layout-flex wp-block-buttons-is-layout-flex\">\n<div class=\"wp-block-button\"><a class=\"wp-block-button__link\" href=\"https:\/\/www.paypal.com\/donate\/?hosted_button_id=S3UTXFYX5NP5N\"><img decoding=\"async\" width=\"50\" height=\"59\" class=\"wp-image-580\" style=\"width: 50px;\" src=\"https:\/\/lebenswert-hoch3.de\/wp-content\/uploads\/2021\/12\/R-1.png\" alt=\"\" srcset=\"https:\/\/lebenswert-hoch3.de\/wp-content\/uploads\/2021\/12\/R-1.png 2400w, https:\/\/lebenswert-hoch3.de\/wp-content\/uploads\/2021\/12\/R-1-254x300.png 254w, https:\/\/lebenswert-hoch3.de\/wp-content\/uploads\/2021\/12\/R-1-868x1024.png 868w, https:\/\/lebenswert-hoch3.de\/wp-content\/uploads\/2021\/12\/R-1-768x906.png 768w, https:\/\/lebenswert-hoch3.de\/wp-content\/uploads\/2021\/12\/R-1-651x768.png 651w, https:\/\/lebenswert-hoch3.de\/wp-content\/uploads\/2021\/12\/R-1-1302x1536.png 1302w, https:\/\/lebenswert-hoch3.de\/wp-content\/uploads\/2021\/12\/R-1-1736x2048.png 1736w, https:\/\/lebenswert-hoch3.de\/wp-content\/uploads\/2021\/12\/R-1-350x413.png 350w\" sizes=\"(max-width: 50px) 100vw, 50px\" \/> pAYPAL<\/a><\/div>\n<\/div>\n<\/div><\/div>\n\n\n\n<p>Da wir auf dem Kontoauszug Deine Adresse nicht ersehen k\u00f6nnen, Dir aber gerne eine Spendenbescheinigung zukommen lassen w\u00fcrden, ben\u00f6tigen wir Deine Anschrift per Mail an <a href=\"mailto:lebenswert-hoch3@alte-oberfoersterei.com\">lebenswert-hoch3@alte-oberfoersterei.com<\/a>.<\/p>\n\n\n\n<p>Nochmals vielen herzlichen Dank,<\/p>\n\n\n\n<p>Familie Gra\u00df<\/p>\n","protected":false},"excerpt":{"rendered":"<p>Lieber Spender, vielen herzlichen Dank, dass Du Dich f\u00fcr eine Spende zur Unterst\u00fctzung der Arbeit hier bei Lebenswert\u00b3 gUG entschieden hast. Wir freuen uns sehr dar\u00fcber Unsere Bankverbindung: Lebenswert\u00b3 gUG Kreissparkasse Nordhausen DE15 8205 4052 0305 0319 10 BIC HELADEF1NOR oder Da wir auf dem Kontoauszug Deine Adresse nicht ersehen k\u00f6nnen, Dir aber gerne eine &hellip; <a href=\"https:\/\/lebenswert-hoch3.de\/?page_id=611\" class=\"more-link\"><span class=\"screen-reader-text\">Spenden Gnadenhof und Lebenswert\u00b3<\/span> weiterlesen<\/a><\/p>\n","protected":false},"author":1,"featured_media":0,"parent":0,"menu_order":0,"comment_status":"closed","ping_status":"closed","template":"","meta":{"give_campaign_id":0,"footnotes":""},"class_list":["post-611","page","type-page","status-publish","hentry"],"campaignId":"","_links":{"self":[{"href":"https:\/\/lebenswert-hoch3.de\/index.php?rest_route=\/wp\/v2\/pages\/611","targetHints":{"allow":["GET"]}}],"collection":[{"href":"https:\/\/lebenswert-hoch3.de\/index.php?rest_route=\/wp\/v2\/pages"}],"about":[{"href":"https:\/\/lebenswert-hoch3.de\/index.php?rest_route=\/wp\/v2\/types\/page"}],"author":[{"embeddable":true,"href":"https:\/\/lebenswert-hoch3.de\/index.php?rest_route=\/wp\/v2\/users\/1"}],"replies":[{"embeddable":true,"href":"https:\/\/lebenswert-hoch3.de\/index.php?rest_route=%2Fwp%2Fv2%2Fcomments&post=611"}],"version-history":[{"count":1,"href":"https:\/\/lebenswert-hoch3.de\/index.php?rest_route=\/wp\/v2\/pages\/611\/revisions"}],"predecessor-version":[{"id":612,"href":"https:\/\/lebenswert-hoch3.de\/index.php?rest_route=\/wp\/v2\/pages\/611\/revisions\/612"}],"wp:attachment":[{"href":"https:\/\/lebenswert-hoch3.de\/index.php?rest_route=%2Fwp%2Fv2%2Fmedia&parent=611"}],"curies":[{"name":"wp","href":"https:\/\/api.w.org\/{rel}","templated":true}]}}