{"id":60,"date":"2018-08-20T17:51:59","date_gmt":"2018-08-20T17:51:59","guid":{"rendered":"http:\/\/lebenswert-hoch3.de\/?page_id=60"},"modified":"2018-09-07T18:23:56","modified_gmt":"2018-09-07T18:23:56","slug":"ferienwohnung","status":"publish","type":"page","link":"https:\/\/lebenswert-hoch3.de\/?page_id=60","title":{"rendered":"Ferienwohnung"},"content":{"rendered":"<p><strong>Ferienwohnung <\/strong><\/p>\n<p>Momentan noch im Aufbau&#8230;.<\/p>\n<p>Urlaub auf dem Land machen, bringt viel Erholung. Man kann Tiere streicheln, Trekker fahren, sich drau\u00dfen aufhalten und spielen und noch vieles mehr. Nicht nur die Kinder kommen hier auf ihre Kosten, sondern auch die Erwachsene. Weg von der Stadt, dem Stress und dem L\u00e4rm. Rein in die Ruhe.<\/p>\n<p>Wir werden bald 2 gem\u00fctliche Ferienwohnungen anbieten mit Fr\u00fchst\u00fcck, sodass man den Tag gen\u00fcsslich beginnen kann.<\/p>\n","protected":false},"excerpt":{"rendered":"<p>Ferienwohnung Momentan noch im Aufbau&#8230;. Urlaub auf dem Land machen, bringt viel Erholung. Man kann Tiere streicheln, Trekker fahren, sich drau\u00dfen aufhalten und spielen und noch vieles mehr. Nicht nur die Kinder kommen hier auf ihre Kosten, sondern auch die Erwachsene. Weg von der Stadt, dem Stress und dem L\u00e4rm. Rein in die Ruhe. Wir &hellip; <a href=\"https:\/\/lebenswert-hoch3.de\/?page_id=60\" class=\"more-link\"><span class=\"screen-reader-text\">Ferienwohnung<\/span> weiterlesen<\/a><\/p>\n","protected":false},"author":1,"featured_media":0,"parent":0,"menu_order":0,"comment_status":"closed","ping_status":"closed","template":"","meta":{"give_campaign_id":0,"footnotes":""},"class_list":["post-60","page","type-page","status-publish","hentry"],"campaignId":"","_links":{"self":[{"href":"https:\/\/lebenswert-hoch3.de\/index.php?rest_route=\/wp\/v2\/pages\/60","targetHints":{"allow":["GET"]}}],"collection":[{"href":"https:\/\/lebenswert-hoch3.de\/index.php?rest_route=\/wp\/v2\/pages"}],"about":[{"href":"https:\/\/lebenswert-hoch3.de\/index.php?rest_route=\/wp\/v2\/types\/page"}],"author":[{"embeddable":true,"href":"https:\/\/lebenswert-hoch3.de\/index.php?rest_route=\/wp\/v2\/users\/1"}],"replies":[{"embeddable":true,"href":"https:\/\/lebenswert-hoch3.de\/index.php?rest_route=%2Fwp%2Fv2%2Fcomments&post=60"}],"version-history":[{"count":2,"href":"https:\/\/lebenswert-hoch3.de\/index.php?rest_route=\/wp\/v2\/pages\/60\/revisions"}],"predecessor-version":[{"id":291,"href":"https:\/\/lebenswert-hoch3.de\/index.php?rest_route=\/wp\/v2\/pages\/60\/revisions\/291"}],"wp:attachment":[{"href":"https:\/\/lebenswert-hoch3.de\/index.php?rest_route=%2Fwp%2Fv2%2Fmedia&parent=60"}],"curies":[{"name":"wp","href":"https:\/\/api.w.org\/{rel}","templated":true}]}}