{"id":6,"date":"2018-08-17T18:26:11","date_gmt":"2018-08-17T18:26:11","guid":{"rendered":"http:\/\/lebenswert-hoch3.de\/?page_id=6"},"modified":"2018-09-07T18:29:53","modified_gmt":"2018-09-07T18:29:53","slug":"lebenswert1","status":"publish","type":"page","link":"https:\/\/lebenswert-hoch3.de\/?page_id=6","title":{"rendered":"Lebenswert\u00b9"},"content":{"rendered":"<p><strong>\u00a0&#8211; Auszeit f\u00fcr Familien mit kranken oder behinderten Kindern<\/strong><\/p>\n<p>Familien, die ihre kranken Kinder \u00fcber Jahre hinweg Zuhause betreuen ben\u00f6tigen dringend eine Auszeit. Weg von Therapien und Kliniken, einfach nur Familie sein d\u00fcrfen. Bei uns auf dem Hof k\u00f6nnen die Eltern zur Ruhe kommen und neue Kraft sch\u00f6pfen. Die betroffenen Kinder werden durch unser Team mit in den Alltag eingebunden und es ist eine Freude zu sehen, wieviel Spa\u00df und Entspannung sie im Umgang mit den Tieren erleben. F\u00fcr die Geschwisterkinder sind Ferien auf unserem Hof einfach nur Abenteuer pur. Endlich d\u00fcrfen sie, ohne R\u00fccksicht auf ihre kranken Geschwister nehmen zu m\u00fcssen, einfach nur Kind sein und Freude am Leben haben.<\/p>\n<p>Genauso aber auch die Familien oder alleinerziehende M\u00fctter mit ihren kranken Kindern, die einfach mal einen Tag \u201eLuft zum Atmen\u201c brauchen. Einfach mal die Seele baumeln lassen, eine Tasse Kaffee genie\u00dfen ohne sich Sorgen machen zu m\u00fcssen oder ein st\u00e4ndiges Auge oder Ohr auf die Kinder zu haben. Die kranken Kinder werden bei uns dann je nach ihren vorhandenen Ressourcen betreut und besch\u00e4ftigt, z.B. mit Fahrten auf dem Traktor, reiten, Pony baden oder mit den Hunden schmusen oder\u2026 Die sogenannten Schattenkinder, also die Geschwister der kranken Kinder sollen bei uns einfach nur Kind oder Teenie sein d\u00fcrfen. Dazu geh\u00f6rt toben, klettern, reiten, mit den Hunden Fu\u00dfball spielen, Obst ernten und Kuchen backen oder einfach nur in einer H\u00e4ngematte chillen.<\/p>\n<p>Gerne betreuen wir auch Gruppen von behinderten Menschen, wie z.B. der Lebenshilfe. Es ist sch\u00f6n zu sehen, wieviel Spa\u00df eine Gruppe behinderter Teenies beim Duschen von unseren Pferden haben kann. Wieviel Freude sie bei einer Fahrt im Anh\u00e4nger des Traktors haben, wie unendlich vorsichtig sie im Umgang mit unseren Streicheltieren sein k\u00f6nnen und wie schnell sie die Angst vor gro\u00dfen Hunden beim Ballspielen verlieren. Kakao und Kuchen schmecken im Stall, im Heu oder auf der Wiese viel besser als sonst irgendwo. Genauso wie das selbstgemachte Stockbrot und die gegrillte Rote Wurst zum Abschied.<\/p>\n<p>Selbstverst\u00e4ndlich sind bei uns auch Familien herzlich willkommen, bei denen ein Elternteil schwer erkrankt ist oder Familien bei denen ein Kind oder ein Elternteil verstorben sind.<\/p>\n","protected":false},"excerpt":{"rendered":"<p>\u00a0&#8211; Auszeit f\u00fcr Familien mit kranken oder behinderten Kindern Familien, die ihre kranken Kinder \u00fcber Jahre hinweg Zuhause betreuen ben\u00f6tigen dringend eine Auszeit. Weg von Therapien und Kliniken, einfach nur Familie sein d\u00fcrfen. Bei uns auf dem Hof k\u00f6nnen die Eltern zur Ruhe kommen und neue Kraft sch\u00f6pfen. Die betroffenen Kinder werden durch unser Team &hellip; <a href=\"https:\/\/lebenswert-hoch3.de\/?page_id=6\" class=\"more-link\"><span class=\"screen-reader-text\">Lebenswert\u00b9<\/span> weiterlesen<\/a><\/p>\n","protected":false},"author":1,"featured_media":0,"parent":0,"menu_order":0,"comment_status":"closed","ping_status":"closed","template":"","meta":{"give_campaign_id":0,"footnotes":""},"class_list":["post-6","page","type-page","status-publish","hentry"],"campaignId":"","_links":{"self":[{"href":"https:\/\/lebenswert-hoch3.de\/index.php?rest_route=\/wp\/v2\/pages\/6","targetHints":{"allow":["GET"]}}],"collection":[{"href":"https:\/\/lebenswert-hoch3.de\/index.php?rest_route=\/wp\/v2\/pages"}],"about":[{"href":"https:\/\/lebenswert-hoch3.de\/index.php?rest_route=\/wp\/v2\/types\/page"}],"author":[{"embeddable":true,"href":"https:\/\/lebenswert-hoch3.de\/index.php?rest_route=\/wp\/v2\/users\/1"}],"replies":[{"embeddable":true,"href":"https:\/\/lebenswert-hoch3.de\/index.php?rest_route=%2Fwp%2Fv2%2Fcomments&post=6"}],"version-history":[{"count":7,"href":"https:\/\/lebenswert-hoch3.de\/index.php?rest_route=\/wp\/v2\/pages\/6\/revisions"}],"predecessor-version":[{"id":303,"href":"https:\/\/lebenswert-hoch3.de\/index.php?rest_route=\/wp\/v2\/pages\/6\/revisions\/303"}],"wp:attachment":[{"href":"https:\/\/lebenswert-hoch3.de\/index.php?rest_route=%2Fwp%2Fv2%2Fmedia&parent=6"}],"curies":[{"name":"wp","href":"https:\/\/api.w.org\/{rel}","templated":true}]}}