{"id":516,"date":"2021-11-30T08:26:10","date_gmt":"2021-11-30T08:26:10","guid":{"rendered":"https:\/\/lebenswert-hoch3.de\/?page_id=516"},"modified":"2021-12-21T21:25:40","modified_gmt":"2021-12-21T21:25:40","slug":"bittet-so-wird-euch-gegeben-mt-77","status":"publish","type":"page","link":"https:\/\/lebenswert-hoch3.de\/?page_id=516","title":{"rendered":"Spenden und Gnadenhof"},"content":{"rendered":"\n<p><em><strong>\u201eGanze Weltalter von Liebe werden notwendig sein, um den Tieren ihre Dienste und Ver<\/strong><\/em><strong><em>dienste an uns zu vergelten.\u201c (Christian Morgenstern)<\/em>&nbsp;<\/strong>&nbsp;<\/p>\n\n\n\n<p>Wohin mit all den Tieren, die ihren Dienst getan haben, die nicht mehr arbeiten oder keine Erfolge mehr aufweisen k\u00f6nnen? Wohin mit dem einst so geliebten Haustier, dass jetzt keine Beachtung mehr findet oder nicht mehr versorgt werden kann?<\/p>\n\n\n\n<p>Gnadenh\u00f6fe sind in der heutigen Zeit gefragter denn je und in der Regel gibt es dort auch keine freien Pl\u00e4tze mehr \u2013 es ist gut, dass es noch Orte gibt, an denen ausgemusterte Haustiere ihren Lebensabend verbringen d\u00fcrfen und ihr Leben genie\u00dfen k\u00f6nnen. Doch Gnadenhofarbeit ist mit immensen Kosten und viel Zeitaufwand verbunden.<\/p>\n\n\n\n<p>Leider besteht in unserer heutigen Gesellschaft oft kein Gesp\u00fcr mehr daf\u00fcr mit welchem Kraftakt ein solcher Gnadenhof betrieben werden muss.<\/p>\n\n\n\n<p>In der Regel landen bei uns nur kranke oder verletzte Tiere, die tier\u00e4rztliche Versorgung, spezielles Futter und sehr viel Zuwendung ben\u00f6tigen. Diese Kosten k\u00f6nnen wir nicht mehr allein stemmen. Wir sind auf finanzielle Unterst\u00fctzung angewiesen, um die hohen Futter- und Tierarztkosten zu bew\u00e4ltigen.<\/p>\n\n\n\n<p><strong><em>Bittet so wird euch gegeben (Mt. 7,7)<\/em><\/strong><\/p>\n\n\n\n<p>Mit Tierpatenschaften oder Spenden k\u00f6nnen wir einen Teil der anfallenden Kosten decken, den Rest tragen wir privat. F\u00fcr unser Engagement und unseren Einsatz hier auf dem Gnadenhof der alten Oberf\u00f6rsterei fallen keine Kosten an, wir arbeiten ehrenamtlich. Alle Einnahmen kommen unseren Tieren zugute.<\/p>\n\n\n\n<p>Wir w\u00fcrden uns sehr freuen, wenn Du Dich zu einer regelm\u00e4\u00dfigen Spende oder einer Tierpatenschaft entscheiden k\u00f6nntest \u2013 die Vierbeiner w\u00e4ren daf\u00fcr sehr dankbar.<\/p>\n\n\n\n<p>\u00dcber eine Sachspende von unserer Amazon Wunschliste freuen wir uns oder uns einfach per PayPal unterst\u00fctzen:<\/p>\n\n\n\n<div class=\"wp-block-buttons is-content-justification-center is-layout-flex wp-block-buttons-is-layout-flex\">\n<div class=\"wp-block-button\"><a class=\"wp-block-button__link\" href=\"https:\/\/amzn.eu\/iWZfdzy\"><img decoding=\"async\" width=\"50\" height=\"50\" class=\"wp-image-579\" style=\"width: 50px;\" src=\"https:\/\/lebenswert-hoch3.de\/wp-content\/uploads\/2021\/12\/R.png\" alt=\"\" srcset=\"https:\/\/lebenswert-hoch3.de\/wp-content\/uploads\/2021\/12\/R.png 920w, https:\/\/lebenswert-hoch3.de\/wp-content\/uploads\/2021\/12\/R-300x300.png 300w, https:\/\/lebenswert-hoch3.de\/wp-content\/uploads\/2021\/12\/R-150x150.png 150w, https:\/\/lebenswert-hoch3.de\/wp-content\/uploads\/2021\/12\/R-768x768.png 768w, https:\/\/lebenswert-hoch3.de\/wp-content\/uploads\/2021\/12\/R-200x200.png 200w, https:\/\/lebenswert-hoch3.de\/wp-content\/uploads\/2021\/12\/R-350x350.png 350w, https:\/\/lebenswert-hoch3.de\/wp-content\/uploads\/2021\/12\/R-100x100.png 100w\" sizes=\"(max-width: 50px) 100vw, 50px\" \/>AMAZON<\/a><\/div>\n\n\n\n<div class=\"wp-block-button\"><a class=\"wp-block-button__link\" href=\"https:\/\/www.paypal.com\/donate\/?hosted_button_id=S3UTXFYX5NP5N\"><img decoding=\"async\" width=\"50\" height=\"59\" class=\"wp-image-580\" style=\"width: 50px;\" src=\"https:\/\/lebenswert-hoch3.de\/wp-content\/uploads\/2021\/12\/R-1.png\" alt=\"\" srcset=\"https:\/\/lebenswert-hoch3.de\/wp-content\/uploads\/2021\/12\/R-1.png 2400w, https:\/\/lebenswert-hoch3.de\/wp-content\/uploads\/2021\/12\/R-1-254x300.png 254w, https:\/\/lebenswert-hoch3.de\/wp-content\/uploads\/2021\/12\/R-1-868x1024.png 868w, https:\/\/lebenswert-hoch3.de\/wp-content\/uploads\/2021\/12\/R-1-768x906.png 768w, https:\/\/lebenswert-hoch3.de\/wp-content\/uploads\/2021\/12\/R-1-651x768.png 651w, https:\/\/lebenswert-hoch3.de\/wp-content\/uploads\/2021\/12\/R-1-1302x1536.png 1302w, https:\/\/lebenswert-hoch3.de\/wp-content\/uploads\/2021\/12\/R-1-1736x2048.png 1736w, https:\/\/lebenswert-hoch3.de\/wp-content\/uploads\/2021\/12\/R-1-350x413.png 350w\" sizes=\"(max-width: 50px) 100vw, 50px\" \/> pAYPAL<\/a><\/div>\n<\/div>\n\n\n\n<div class=\"wp-block-group\"><div class=\"wp-block-group__inner-container is-layout-flow wp-block-group-is-layout-flow\">\n<div class=\"wp-block-columns is-layout-flex wp-container-core-columns-is-layout-9d6595d7 wp-block-columns-is-layout-flex\">\n<div class=\"wp-block-column is-layout-flow wp-block-column-is-layout-flow\" style=\"flex-basis:100%\">\n<div class=\"wp-block-columns is-layout-flex wp-container-core-columns-is-layout-9d6595d7 wp-block-columns-is-layout-flex\">\n<div class=\"wp-block-column is-vertically-aligned-center is-layout-flow wp-block-column-is-layout-flow\" style=\"flex-basis:100%\">\n<div class=\"wp-block-group\"><div class=\"wp-block-group__inner-container is-layout-flow wp-block-group-is-layout-flow\"><\/div><\/div>\n\n\n\n<div class=\"wp-block-buttons is-content-justification-left is-layout-flex wp-block-buttons-is-layout-flex\">\n<div class=\"wp-block-button has-custom-font-size is-style-outline has-normal-font-size is-style-outline--1\"><a class=\"wp-block-button__link\" href=\"https:\/\/lebenswert-hoch3.de\/?page_id=611\"><sub><span class=\"has-inline-color has-dark-gray-color\"><img decoding=\"async\" width=\"150\" height=\"200\" class=\"wp-image-458\" style=\"width: 150px;\" src=\"https:\/\/lebenswert-hoch3.de\/wp-content\/uploads\/2021\/10\/IMG-20211005-WA0050.jpg\" alt=\"\" srcset=\"https:\/\/lebenswert-hoch3.de\/wp-content\/uploads\/2021\/10\/IMG-20211005-WA0050.jpg 966w, https:\/\/lebenswert-hoch3.de\/wp-content\/uploads\/2021\/10\/IMG-20211005-WA0050-225x300.jpg 225w, https:\/\/lebenswert-hoch3.de\/wp-content\/uploads\/2021\/10\/IMG-20211005-WA0050-768x1024.jpg 768w, https:\/\/lebenswert-hoch3.de\/wp-content\/uploads\/2021\/10\/IMG-20211005-WA0050-576x768.jpg 576w\" sizes=\"(max-width: 150px) 100vw, 150px\" \/> SPENDEN F\u00dcR gNADENHOF UND lEBENSWERT\u00b3<\/span><\/sub><\/a><\/div>\n\n\n\n<div class=\"wp-block-button has-custom-font-size is-style-outline has-normal-font-size is-style-outline--2\"><a class=\"wp-block-button__link\" href=\"https:\/\/lebenswert-hoch3.de\/?page_id=603\"><sub>Patenschaft <\/sub><img loading=\"lazy\" decoding=\"async\" width=\"150\" height=\"157\" class=\"wp-image-455\" style=\"width: 150px;\" src=\"https:\/\/lebenswert-hoch3.de\/wp-content\/uploads\/2021\/10\/IMG-20211005-WA0047.jpg\" alt=\"\" srcset=\"https:\/\/lebenswert-hoch3.de\/wp-content\/uploads\/2021\/10\/IMG-20211005-WA0047.jpg 1528w, https:\/\/lebenswert-hoch3.de\/wp-content\/uploads\/2021\/10\/IMG-20211005-WA0047-287x300.jpg 287w, https:\/\/lebenswert-hoch3.de\/wp-content\/uploads\/2021\/10\/IMG-20211005-WA0047-978x1024.jpg 978w, https:\/\/lebenswert-hoch3.de\/wp-content\/uploads\/2021\/10\/IMG-20211005-WA0047-768x804.jpg 768w, https:\/\/lebenswert-hoch3.de\/wp-content\/uploads\/2021\/10\/IMG-20211005-WA0047-733x768.jpg 733w, https:\/\/lebenswert-hoch3.de\/wp-content\/uploads\/2021\/10\/IMG-20211005-WA0047-1467x1536.jpg 1467w\" sizes=\"(max-width: 150px) 100vw, 150px\" \/><\/a><\/div>\n<\/div>\n<\/div>\n<\/div>\n<\/div>\n<\/div>\n<\/div><\/div>\n\n\n\n<p>Sie wollen uns finanziell unterst\u00fctzen? Vielen herzlichen Dank daf\u00fcr!<\/p>\n\n\n\n<p>Spendenkonto:<br>Sparkasse Nordhausen<br>Lebenswert\u00b3 gUG(haftungsbeschr\u00e4nkt)<br>IBAN: DE15 8205 4052 0305 0319 10<br>SWIFT-BIC: HELADEF1NOR<\/p>\n\n\n\n<p><strong>Jetzt Spenden f\u00fcr \u201eLebenswert\u00b3 Gemeinsam stark werden &#8211; Leben neu entdecken\u201c<\/strong><\/p>\n\n\n\n<p><\/p>\n","protected":false},"excerpt":{"rendered":"<p>\u201eGanze Weltalter von Liebe werden notwendig sein, um den Tieren ihre Dienste und Verdienste an uns zu vergelten.\u201c (Christian Morgenstern)&nbsp;&nbsp; Wohin mit all den Tieren, die ihren Dienst getan haben, die nicht mehr arbeiten oder keine Erfolge mehr aufweisen k\u00f6nnen? Wohin mit dem einst so geliebten Haustier, dass jetzt keine Beachtung mehr findet oder nicht &hellip; <a href=\"https:\/\/lebenswert-hoch3.de\/?page_id=516\" class=\"more-link\"><span class=\"screen-reader-text\">Spenden und Gnadenhof<\/span> weiterlesen<\/a><\/p>\n","protected":false},"author":1,"featured_media":0,"parent":0,"menu_order":0,"comment_status":"closed","ping_status":"closed","template":"","meta":{"give_campaign_id":0,"footnotes":""},"class_list":["post-516","page","type-page","status-publish","hentry"],"campaignId":"","_links":{"self":[{"href":"https:\/\/lebenswert-hoch3.de\/index.php?rest_route=\/wp\/v2\/pages\/516","targetHints":{"allow":["GET"]}}],"collection":[{"href":"https:\/\/lebenswert-hoch3.de\/index.php?rest_route=\/wp\/v2\/pages"}],"about":[{"href":"https:\/\/lebenswert-hoch3.de\/index.php?rest_route=\/wp\/v2\/types\/page"}],"author":[{"embeddable":true,"href":"https:\/\/lebenswert-hoch3.de\/index.php?rest_route=\/wp\/v2\/users\/1"}],"replies":[{"embeddable":true,"href":"https:\/\/lebenswert-hoch3.de\/index.php?rest_route=%2Fwp%2Fv2%2Fcomments&post=516"}],"version-history":[{"count":32,"href":"https:\/\/lebenswert-hoch3.de\/index.php?rest_route=\/wp\/v2\/pages\/516\/revisions"}],"predecessor-version":[{"id":618,"href":"https:\/\/lebenswert-hoch3.de\/index.php?rest_route=\/wp\/v2\/pages\/516\/revisions\/618"}],"wp:attachment":[{"href":"https:\/\/lebenswert-hoch3.de\/index.php?rest_route=%2Fwp%2Fv2%2Fmedia&parent=516"}],"curies":[{"name":"wp","href":"https:\/\/api.w.org\/{rel}","templated":true}]}}