{"id":259,"date":"2018-08-28T02:36:37","date_gmt":"2018-08-28T02:36:37","guid":{"rendered":"http:\/\/lebenswert-hoch3.de\/?page_id=259"},"modified":"2018-08-28T02:36:37","modified_gmt":"2018-08-28T02:36:37","slug":"suchthilfe","status":"publish","type":"page","link":"https:\/\/lebenswert-hoch3.de\/?page_id=259","title":{"rendered":"Suchthilfe"},"content":{"rendered":"<p>\r\n\t\t\t\t\t\n\r\n\t\t\t\t\t<!-- START UNITE GALLERY 1.7.62 -->\r\n\t\t\t\t\t\r\n\t\t\t\t\n\t\t\t<div id='unitegallery_7_1' class='unite-gallery' style='margin:0px auto;'>\n\t\t\t\t\n\n\t\t\t\t\t\t<img alt=\"Vortrag-Suchthilfe-2017-(6)\"\n\t\t\t\t\t\t     src=\"\" data-image=\"https:\/\/lebenswert-hoch3.de\/wp-content\/uploads\/2018\/08\/Vortrag-Suchthilfe-2017-6.jpg\"\n\t\t\t\t\t\t     data-thumb=\"https:\/\/lebenswert-hoch3.de\/wp-content\/uploads\/2018\/08\/Vortrag-Suchthilfe-2017-6-300x225.jpg\"\n\t\t\t\t\t\t     title=\"\"\n\t\t\t\t\t\t     style=\"display:none\">\n\n\t\t\t\t\t\t<img alt=\"Vortrag-Suchthilfe-2017-(4)\"\n\t\t\t\t\t\t     src=\"\" data-image=\"https:\/\/lebenswert-hoch3.de\/wp-content\/uploads\/2018\/08\/Vortrag-Suchthilfe-2017-4.jpg\"\n\t\t\t\t\t\t     data-thumb=\"https:\/\/lebenswert-hoch3.de\/wp-content\/uploads\/2018\/08\/Vortrag-Suchthilfe-2017-4-300x225.jpg\"\n\t\t\t\t\t\t     title=\"\"\n\t\t\t\t\t\t     style=\"display:none\">\n\t\t\t<\/div>\n\n\t\t\t<script type='text\/javascript'>\n\t\t\t\twindow.onload = function(e) {\n\t\t\t\t\tif(typeof ugCheckForErrors == \"undefined\"){\n\t\t\t\t\t\tdocument.getElementById(\"unitegallery_7_1\").innerHTML = \"<span style='color:red'>Unite Gallery Error - gallery js and css files not included in the footer. Please make sure that wp_footer() function is added to your theme.<\/span>\";}\n\t\t\t\t\telse{ ugCheckForErrors(\"unitegallery_7_1\", \"jquery\");}\n\t\t\t\t};\n\t\t\t<\/script>\n\n\t\t\t<!-- END UNITEGALLERY --><\/p>\n<p>Durch unsere langj\u00e4hrige Erfahrung bieten wir Betroffenen mit Suchtproblemen gerne unsere Selbsthilfegespr\u00e4che an. Egal, ob Du mit Drogen, Alkohol, Spielsucht oder Nikotin k\u00e4mpfst, wir versuchen gemeinsam mit Dir L\u00f6sungen zu finden. F\u00fcr unsere Hilfesuchenden sind wir jederzeit erreichbar, somit k\u00f6nnen sie auch in schwierigen Situationen sofort Hilfe finden.<\/p>\n<p>Alle Betroffenen sind herzlich eingeladen, sich bei uns zu melden, pers\u00f6nlich oder anonym. Wenn Du nicht pers\u00f6nlich zum Gespr\u00e4ch kommen kannst, weil Du keine M\u00f6glichkeit dazu hast, zu weit weg wohnst oder anonym bleiben m\u00f6chtest \u2013 kein Problem. Melde Dich telefonisch bei uns und wir werden eine passende M\u00f6glichkeit zum Gespr\u00e4ch finden.<\/p>\n<p>Der Leiter der Selbsthilfearbeit war selbst einmal betroffen, kann deshalb vieles aus anderer Sicht sehen und somit auch anders auf die Betroffenen eingehen. Selbstverst\u00e4ndlich hat er eine fachliche Ausbildung absolviert.<\/p>\n<p>Genauso wichtig wie die Betreuung der Betroffenen ist der Umgang mit den Angeh\u00f6rigen. W\u00e4hrend suchtmittelabh\u00e4ngige Personen h\u00e4ufig Hilfsangebote in Anspruch nehmen k\u00f6nnen, stehen die Angeh\u00f6rigen oft alleine da. Allein mit ihren \u00c4ngsten, mit ihren Sorgen und allein mit ihrem Gef\u00fchl, die ganze Verantwortung tragen zu m\u00fcssen. Deshalb bieten wir auch Angeh\u00f6rigen suchtkranker Menschen an, sich in vertrauensvoller Atmosph\u00e4re an uns zu wenden, um einen Ansprechpartner f\u00fcr die entstandenen Probleme zu haben und gemeinsam L\u00f6sungen zu finden.<\/p>\n<p>Auch in der Suchthilfe k\u00f6nnen unsere 4-beinigen Helfer gerne zum Einsatz kommen.<\/p>\n<p>Interessenten k\u00f6nnen sich unter der Telefonnummer 036337 \/ 488740 oder per E-Mail Lebenswert-hoch3@alte-oberfoersterei.com an uns wenden.<\/p>\n","protected":false},"excerpt":{"rendered":"<p>Durch unsere langj\u00e4hrige Erfahrung bieten wir Betroffenen mit Suchtproblemen gerne unsere Selbsthilfegespr\u00e4che an. Egal, ob Du mit Drogen, Alkohol, Spielsucht oder Nikotin k\u00e4mpfst, wir versuchen gemeinsam mit Dir L\u00f6sungen zu finden. F\u00fcr unsere Hilfesuchenden sind wir jederzeit erreichbar, somit k\u00f6nnen sie auch in schwierigen Situationen sofort Hilfe finden. Alle Betroffenen sind herzlich eingeladen, sich bei &hellip; <a href=\"https:\/\/lebenswert-hoch3.de\/?page_id=259\" class=\"more-link\"><span class=\"screen-reader-text\">Suchthilfe<\/span> weiterlesen<\/a><\/p>\n","protected":false},"author":1,"featured_media":0,"parent":0,"menu_order":0,"comment_status":"closed","ping_status":"closed","template":"","meta":{"give_campaign_id":0,"footnotes":""},"class_list":["post-259","page","type-page","status-publish","hentry"],"campaignId":"","_links":{"self":[{"href":"https:\/\/lebenswert-hoch3.de\/index.php?rest_route=\/wp\/v2\/pages\/259","targetHints":{"allow":["GET"]}}],"collection":[{"href":"https:\/\/lebenswert-hoch3.de\/index.php?rest_route=\/wp\/v2\/pages"}],"about":[{"href":"https:\/\/lebenswert-hoch3.de\/index.php?rest_route=\/wp\/v2\/types\/page"}],"author":[{"embeddable":true,"href":"https:\/\/lebenswert-hoch3.de\/index.php?rest_route=\/wp\/v2\/users\/1"}],"replies":[{"embeddable":true,"href":"https:\/\/lebenswert-hoch3.de\/index.php?rest_route=%2Fwp%2Fv2%2Fcomments&post=259"}],"version-history":[{"count":1,"href":"https:\/\/lebenswert-hoch3.de\/index.php?rest_route=\/wp\/v2\/pages\/259\/revisions"}],"predecessor-version":[{"id":264,"href":"https:\/\/lebenswert-hoch3.de\/index.php?rest_route=\/wp\/v2\/pages\/259\/revisions\/264"}],"wp:attachment":[{"href":"https:\/\/lebenswert-hoch3.de\/index.php?rest_route=%2Fwp%2Fv2%2Fmedia&parent=259"}],"curies":[{"name":"wp","href":"https:\/\/api.w.org\/{rel}","templated":true}]}}