{"id":257,"date":"2018-08-28T02:34:02","date_gmt":"2018-08-28T02:34:02","guid":{"rendered":"http:\/\/lebenswert-hoch3.de\/?page_id=257"},"modified":"2018-08-28T02:36:54","modified_gmt":"2018-08-28T02:36:54","slug":"zuhause-auf-zeit-fuer-junge-menschen","status":"publish","type":"page","link":"https:\/\/lebenswert-hoch3.de\/?page_id=257","title":{"rendered":"Zuhause auf Zeit f\u00fcr junge Menschen"},"content":{"rendered":"<ul>\n<li>die den Halt in ihrem Leben verloren haben<\/li>\n<li>die mit den Folgen ihrer S\u00fcchte k\u00e4mpfen<\/li>\n<li>die mit dem Gesetz in Konflikt geraten sind<\/li>\n<\/ul>\n<p>&nbsp;<\/p>\n<p>\r\n\t\t\t\t\t\n\r\n\t\t\t\t\t<!-- START UNITE GALLERY 1.7.62 -->\r\n\t\t\t\t\t\r\n\t\t\t\t\n\t\t\t<div id='unitegallery_6_1' class='unite-gallery' style='margin:0px auto;'>\n\t\t\t\t\n\n\t\t\t\t\t\t<img alt=\"Ozan-2016-(23)\"\n\t\t\t\t\t\t     src=\"\" data-image=\"https:\/\/lebenswert-hoch3.de\/wp-content\/uploads\/2018\/08\/Ozan-2016-23.jpg\"\n\t\t\t\t\t\t     data-thumb=\"https:\/\/lebenswert-hoch3.de\/wp-content\/uploads\/2018\/08\/Ozan-2016-23-225x300.jpg\"\n\t\t\t\t\t\t     title=\"\"\n\t\t\t\t\t\t     style=\"display:none\">\n\n\t\t\t\t\t\t<img alt=\"IMG_1787--2016-(48)\"\n\t\t\t\t\t\t     src=\"\" data-image=\"https:\/\/lebenswert-hoch3.de\/wp-content\/uploads\/2018\/08\/IMG_1787-2016-48.jpg\"\n\t\t\t\t\t\t     data-thumb=\"https:\/\/lebenswert-hoch3.de\/wp-content\/uploads\/2018\/08\/IMG_1787-2016-48-300x200.jpg\"\n\t\t\t\t\t\t     title=\"\"\n\t\t\t\t\t\t     style=\"display:none\">\n\n\t\t\t\t\t\t<img alt=\"Jessica-20zig-(4)\"\n\t\t\t\t\t\t     src=\"\" data-image=\"https:\/\/lebenswert-hoch3.de\/wp-content\/uploads\/2018\/08\/Jessica-20zig-4.jpg\"\n\t\t\t\t\t\t     data-thumb=\"https:\/\/lebenswert-hoch3.de\/wp-content\/uploads\/2018\/08\/Jessica-20zig-4-300x225.jpg\"\n\t\t\t\t\t\t     title=\"\"\n\t\t\t\t\t\t     style=\"display:none\">\n\n\t\t\t\t\t\t<img alt=\"Ozan-2016-(31)\"\n\t\t\t\t\t\t     src=\"\" data-image=\"https:\/\/lebenswert-hoch3.de\/wp-content\/uploads\/2018\/08\/Ozan-2016-31.jpg\"\n\t\t\t\t\t\t     data-thumb=\"https:\/\/lebenswert-hoch3.de\/wp-content\/uploads\/2018\/08\/Ozan-2016-31-300x225.jpg\"\n\t\t\t\t\t\t     title=\"\"\n\t\t\t\t\t\t     style=\"display:none\">\n\n\t\t\t\t\t\t<img alt=\"Jessica-&amp;-Einstein-(6)\"\n\t\t\t\t\t\t     src=\"\" data-image=\"https:\/\/lebenswert-hoch3.de\/wp-content\/uploads\/2018\/08\/Jessica-Einstein-6.jpg\"\n\t\t\t\t\t\t     data-thumb=\"https:\/\/lebenswert-hoch3.de\/wp-content\/uploads\/2018\/08\/Jessica-Einstein-6-225x300.jpg\"\n\t\t\t\t\t\t     title=\"\"\n\t\t\t\t\t\t     style=\"display:none\">\n\n\t\t\t\t\t\t<img alt=\"Ozan-2016-(9)\"\n\t\t\t\t\t\t     src=\"\" data-image=\"https:\/\/lebenswert-hoch3.de\/wp-content\/uploads\/2018\/08\/Ozan-2016-9.jpg\"\n\t\t\t\t\t\t     data-thumb=\"https:\/\/lebenswert-hoch3.de\/wp-content\/uploads\/2018\/08\/Ozan-2016-9-300x225.jpg\"\n\t\t\t\t\t\t     title=\"\"\n\t\t\t\t\t\t     style=\"display:none\">\n\n\t\t\t\t\t\t<img alt=\"Ozan-2016-(5)\"\n\t\t\t\t\t\t     src=\"\" data-image=\"https:\/\/lebenswert-hoch3.de\/wp-content\/uploads\/2018\/08\/Ozan-2016-5.jpg\"\n\t\t\t\t\t\t     data-thumb=\"https:\/\/lebenswert-hoch3.de\/wp-content\/uploads\/2018\/08\/Ozan-2016-5-300x200.jpg\"\n\t\t\t\t\t\t     title=\"\"\n\t\t\t\t\t\t     style=\"display:none\">\n\n\t\t\t\t\t\t<img alt=\"Jessica-20zig-(18)\"\n\t\t\t\t\t\t     src=\"\" data-image=\"https:\/\/lebenswert-hoch3.de\/wp-content\/uploads\/2018\/08\/Jessica-20zig-18.jpg\"\n\t\t\t\t\t\t     data-thumb=\"https:\/\/lebenswert-hoch3.de\/wp-content\/uploads\/2018\/08\/Jessica-20zig-18-300x225.jpg\"\n\t\t\t\t\t\t     title=\"\"\n\t\t\t\t\t\t     style=\"display:none\">\n\n\t\t\t\t\t\t<img alt=\"Helena--(5)\"\n\t\t\t\t\t\t     src=\"\" data-image=\"https:\/\/lebenswert-hoch3.de\/wp-content\/uploads\/2018\/08\/Helena-5.jpg\"\n\t\t\t\t\t\t     data-thumb=\"https:\/\/lebenswert-hoch3.de\/wp-content\/uploads\/2018\/08\/Helena-5-300x225.jpg\"\n\t\t\t\t\t\t     title=\"\"\n\t\t\t\t\t\t     style=\"display:none\">\n\n\t\t\t\t\t\t<img alt=\"Blondie--(1)\"\n\t\t\t\t\t\t     src=\"\" data-image=\"https:\/\/lebenswert-hoch3.de\/wp-content\/uploads\/2018\/08\/Blondie-1.jpg\"\n\t\t\t\t\t\t     data-thumb=\"https:\/\/lebenswert-hoch3.de\/wp-content\/uploads\/2018\/08\/Blondie-1-300x225.jpg\"\n\t\t\t\t\t\t     title=\"\"\n\t\t\t\t\t\t     style=\"display:none\">\n\n\t\t\t\t\t\t<img alt=\"Jessica-20zig-(10)\"\n\t\t\t\t\t\t     src=\"\" data-image=\"https:\/\/lebenswert-hoch3.de\/wp-content\/uploads\/2018\/08\/Jessica-20zig-10.jpg\"\n\t\t\t\t\t\t     data-thumb=\"https:\/\/lebenswert-hoch3.de\/wp-content\/uploads\/2018\/08\/Jessica-20zig-10-300x225.jpg\"\n\t\t\t\t\t\t     title=\"\"\n\t\t\t\t\t\t     style=\"display:none\">\n\t\t\t<\/div>\n\n\t\t\t<script type='text\/javascript'>\n\t\t\t\twindow.onload = function(e) {\n\t\t\t\t\tif(typeof ugCheckForErrors == \"undefined\"){\n\t\t\t\t\t\tdocument.getElementById(\"unitegallery_6_1\").innerHTML = \"<span style='color:red'>Unite Gallery Error - gallery js and css files not included in the footer. Please make sure that wp_footer() function is added to your theme.<\/span>\";}\n\t\t\t\t\telse{ ugCheckForErrors(\"unitegallery_6_1\", \"jquery\");}\n\t\t\t\t};\n\t\t\t<\/script>\n\n\t\t\t<!-- END UNITEGALLERY --><\/p>\n<p>&nbsp;<\/p>\n<p>Wir k\u00fcmmern uns um Jugendliche und junge Erwachsene, die aufgrund ihrer Lebensumst\u00e4nde den Halt im Leben verloren haben. Die Jugendlichen leben bei uns in der Familie mit, somit erleben viele oft zum ersten Mal, was es hei\u00dft sich mit Liebe und Respekt zu begegnen. Sie m\u00fcssen lernen ihr Leben wieder in den Griff zu bekommen, auch wenn das anfangs schwerf\u00e4llt. Wir begleiten die Jugendlichen z.B. zur station\u00e4ren Entgiftung bei Suchtproblemen, sind f\u00fcr sie w\u00e4hrend ihrer Langzeittherapien Ansprechpartner und Begleitung im Anschluss der Therapien bis sie wieder einen Platz in unserer Gesellschaft gefunden haben. Gemeinsam bew\u00e4ltigen wir Beh\u00f6rdeng\u00e4nge, das Ausf\u00fcllen von Antr\u00e4gen, das Schreiben von Bewerbungen und wir suchen gemeinsam nach realisierbaren L\u00f6sungen wie z.B. Schulabschl\u00fcsse, Ausbildungspl\u00e4tze<\/p>\n<p>Interessenten k\u00f6nnen sich unter der Telefonnummer 036337 \/ 488740 oder per E-Mail Lebenswert-hoch3@alte-oberfoersterei.com an uns wenden.<\/p>\n","protected":false},"excerpt":{"rendered":"<p>die den Halt in ihrem Leben verloren haben die mit den Folgen ihrer S\u00fcchte k\u00e4mpfen die mit dem Gesetz in Konflikt geraten sind &nbsp; &nbsp; Wir k\u00fcmmern uns um Jugendliche und junge Erwachsene, die aufgrund ihrer Lebensumst\u00e4nde den Halt im Leben verloren haben. Die Jugendlichen leben bei uns in der Familie mit, somit erleben viele &hellip; <a href=\"https:\/\/lebenswert-hoch3.de\/?page_id=257\" class=\"more-link\"><span class=\"screen-reader-text\">Zuhause auf Zeit f\u00fcr junge Menschen<\/span> weiterlesen<\/a><\/p>\n","protected":false},"author":1,"featured_media":0,"parent":0,"menu_order":0,"comment_status":"closed","ping_status":"closed","template":"","meta":{"give_campaign_id":0,"footnotes":""},"class_list":["post-257","page","type-page","status-publish","hentry"],"campaignId":"","_links":{"self":[{"href":"https:\/\/lebenswert-hoch3.de\/index.php?rest_route=\/wp\/v2\/pages\/257","targetHints":{"allow":["GET"]}}],"collection":[{"href":"https:\/\/lebenswert-hoch3.de\/index.php?rest_route=\/wp\/v2\/pages"}],"about":[{"href":"https:\/\/lebenswert-hoch3.de\/index.php?rest_route=\/wp\/v2\/types\/page"}],"author":[{"embeddable":true,"href":"https:\/\/lebenswert-hoch3.de\/index.php?rest_route=\/wp\/v2\/users\/1"}],"replies":[{"embeddable":true,"href":"https:\/\/lebenswert-hoch3.de\/index.php?rest_route=%2Fwp%2Fv2%2Fcomments&post=257"}],"version-history":[{"count":5,"href":"https:\/\/lebenswert-hoch3.de\/index.php?rest_route=\/wp\/v2\/pages\/257\/revisions"}],"predecessor-version":[{"id":265,"href":"https:\/\/lebenswert-hoch3.de\/index.php?rest_route=\/wp\/v2\/pages\/257\/revisions\/265"}],"wp:attachment":[{"href":"https:\/\/lebenswert-hoch3.de\/index.php?rest_route=%2Fwp%2Fv2%2Fmedia&parent=257"}],"curies":[{"name":"wp","href":"https:\/\/api.w.org\/{rel}","templated":true}]}}