{"id":227,"date":"2018-08-24T18:16:05","date_gmt":"2018-08-24T18:16:05","guid":{"rendered":"http:\/\/lebenswert-hoch3.de\/?page_id=227"},"modified":"2018-08-25T01:09:03","modified_gmt":"2018-08-25T01:09:03","slug":"startseite","status":"publish","type":"page","link":"https:\/\/lebenswert-hoch3.de\/","title":{"rendered":"Startseite"},"content":{"rendered":"<p><em>Dieses Projekt ist einzigartig in Deutschland. 2012 haben wir auf dem Marie Seeger Hof im Schwarzwald angefangen und damit bewiesen, dass eine Kombination von Mensch und Tier dazu beitr\u00e4gt wieder stark zu werden. Jetzt sind wir nach Th\u00fcringen umgezogen und werden hier unser Projekt Lebenswert\u00b3 fortf\u00fchren.<\/em><\/p>\n<p><em>Wir m\u00f6chten Familien oder Einzelpersonen helfen mit uns und unseren Tieren gemeinsam stark zu werden, wieder einen Lichtblick im Dunkeln zu bekommen. Bei uns ist jeder willkommen, der physische oder psychische Einschr\u00e4nkungen hat oder mit seinen S\u00fcchten k\u00e4mpft.<\/em><\/p>\n<p><em>Wir versuchen auf Jeden individuell mit unterschiedlichen Aktionen einzugehen,um f\u00fcr jeden Einzelnen die richtige Form der Therapie zu finden und somit den Weg zur\u00fcck ins Leben.<\/em><\/p>\n","protected":false},"excerpt":{"rendered":"<p>Dieses Projekt ist einzigartig in Deutschland. 2012 haben wir auf dem Marie Seeger Hof im Schwarzwald angefangen und damit bewiesen, dass eine Kombination von Mensch und Tier dazu beitr\u00e4gt wieder stark zu werden. Jetzt sind wir nach Th\u00fcringen umgezogen und werden hier unser Projekt Lebenswert\u00b3 fortf\u00fchren. Wir m\u00f6chten Familien oder Einzelpersonen helfen mit uns und &hellip; <a href=\"https:\/\/lebenswert-hoch3.de\/\" class=\"more-link\"><span class=\"screen-reader-text\">Startseite<\/span> weiterlesen<\/a><\/p>\n","protected":false},"author":1,"featured_media":0,"parent":0,"menu_order":0,"comment_status":"closed","ping_status":"closed","template":"","meta":{"give_campaign_id":0,"footnotes":""},"class_list":["post-227","page","type-page","status-publish","hentry"],"campaignId":"","_links":{"self":[{"href":"https:\/\/lebenswert-hoch3.de\/index.php?rest_route=\/wp\/v2\/pages\/227","targetHints":{"allow":["GET"]}}],"collection":[{"href":"https:\/\/lebenswert-hoch3.de\/index.php?rest_route=\/wp\/v2\/pages"}],"about":[{"href":"https:\/\/lebenswert-hoch3.de\/index.php?rest_route=\/wp\/v2\/types\/page"}],"author":[{"embeddable":true,"href":"https:\/\/lebenswert-hoch3.de\/index.php?rest_route=\/wp\/v2\/users\/1"}],"replies":[{"embeddable":true,"href":"https:\/\/lebenswert-hoch3.de\/index.php?rest_route=%2Fwp%2Fv2%2Fcomments&post=227"}],"version-history":[{"count":3,"href":"https:\/\/lebenswert-hoch3.de\/index.php?rest_route=\/wp\/v2\/pages\/227\/revisions"}],"predecessor-version":[{"id":232,"href":"https:\/\/lebenswert-hoch3.de\/index.php?rest_route=\/wp\/v2\/pages\/227\/revisions\/232"}],"wp:attachment":[{"href":"https:\/\/lebenswert-hoch3.de\/index.php?rest_route=%2Fwp%2Fv2%2Fmedia&parent=227"}],"curies":[{"name":"wp","href":"https:\/\/api.w.org\/{rel}","templated":true}]}}