{"id":22,"date":"2018-08-17T18:28:53","date_gmt":"2018-08-17T18:28:53","guid":{"rendered":"http:\/\/lebenswert-hoch3.de\/?page_id=22"},"modified":"2021-07-24T07:53:53","modified_gmt":"2021-07-24T07:53:53","slug":"impressum","status":"publish","type":"page","link":"https:\/\/lebenswert-hoch3.de\/?page_id=22","title":{"rendered":"Impressum"},"content":{"rendered":"<p><strong>Lebenswert \u00b3 gUG(haftungsbeschr\u00e4nkt)<\/strong><br \/>\nGesch\u00e4ftsf\u00fchrer der Gesellschaft:<br \/>\nRegina Gra\u00df und Andreas Gra\u00df<br \/>\nHandelsregister Amtsgericht Jena HRB 514881<\/p>\n<p><strong>Adresse:<\/strong><\/p>\n<p>K\u00f6nigsthalerstr. 15<br \/>\nOT Friedrichsthal<br \/>\n99752 Bleicherode<br \/>\nDeutschland<\/p>\n<p>Tel. 036337 \/ 488740<br \/>\nFax. 036337 \/ 488741<\/p>\n<p>E-Mail: lebenswert-hoch3@alte-oberfoersterei.com<\/p>\n<p><strong>Website:<\/strong> <a href=\"https:\/\/www.lebenswert-hoch3.de\">https:\/\/www.lebenswert-hoch3.de<\/a><\/p>\n<p><strong>Spendenkonto:<\/strong><br \/>\nSparkasse Pforzheim Calw<br \/>\nLebenswert\u00b3 gUG(haftungsbeschr\u00e4nkt)<br \/>\nIBAN: DE64 6665 0085 0007 3674 57<br \/>\nSWIFT-BIC: PZHSDE66XXX<\/p>\n<p><strong>Verantwortlich f\u00fcr den Inhalt:<\/strong><br \/>\nTextquellen: Regina und Andreas Gra\u00df<br \/>\nBildquellen: Regina Gra\u00df<\/p>\n<p>Alle Rechte vorbehalten. Texte und Bilder unterliegen dem Schutz des Urheberrechts und anderer Schutzgesetze. Irrt\u00fcmer und \u00c4nderungen vorbehalten. Sollten wir auf diesen Seiten Verkn\u00fcpfungen zu anderen Seiten im Internet angelegt haben, so haben wir auf s\u00e4mtliche Links keinerlei Einfluss. Deshalb distanzieren wir uns hiermit ausdr\u00fccklich von allen Inhalten der verkn\u00fcpften Seiten. Diese Erkl\u00e4rung gilt f\u00fcr alle auf dieser Site ausgebrachten Links und f\u00fcr alle Inhalte der Seiten, zu denen ggf. Banner f\u00fchren.<\/p>\n<p><strong>Haftung f\u00fcr Inhalte<\/strong><br \/>\nDie Inhalte unserer Seiten wurden mit gr\u00f6\u00dfter Sorgfalt erstellt. F\u00fcr die Richtigkeit, Vollst\u00e4ndigkeit und Aktualit\u00e4t der Inhalte k\u00f6nnen wir jedoch keine Gew\u00e4hr \u00fcbernehmen. Als Diensteanbieter sind wir gem\u00e4\u00df \u00a7 7 Abs.1 TMG f\u00fcr eigene Inhalte auf diesen Seiten nach den allgemeinen Gesetzen verantwortlich. Nach \u00a7\u00a7 8 bis 10 TMG sind wir als Diensteanbieter jedoch nicht verpflichtet, \u00fcbermittelte oder gespeicherte fremde Informationen zu \u00fcberwachen oder nach Umst\u00e4nden zu forschen, die auf eine rechtswidrige T\u00e4tigkeit hinweisen. Verpflichtungen zur Entfernung oder Sperrung der Nutzung von Informationen nach den allgemeinen Gesetzen bleiben hiervon unber\u00fchrt. Eine diesbez\u00fcgliche Haftung ist jedoch erst ab dem Zeitpunkt der Kenntnis einer konkreten Rechtsverletzung m\u00f6glich. Bei Bekanntwerden von entsprechenden Rechtsverletzungen werden wir diese Inhalte umgehend entfernen.<\/p>\n<p><strong>Haftung f\u00fcr Links<\/strong><br \/>\nUnser Angebot enth\u00e4lt Links zu externen Webseiten Dritter, auf deren Inhalte wir keinen Einfluss haben. Deshalb k\u00f6nnen wir f\u00fcr diese fremden Inhalte auch keine Gew\u00e4hr \u00fcbernehmen. F\u00fcr die Inhalte der verlinkten Seiten ist stets der jeweilige Anbieter oder Betreiber der Seiten verantwortlich. Die verlinkten Seiten wurden zum Zeitpunkt der Verlinkung auf m\u00f6gliche Rechtsverst\u00f6\u00dfe \u00fcberpr\u00fcft. Rechtswidrige Inhalte waren zum Zeitpunkt der Verlinkung nicht erkennbar. Eine permanente inhaltliche Kontrolle der verlinkten Seiten ist jedoch ohne konkrete Anhaltspunkte einer Rechtsverletzung nicht zumutbar. Bei Bekanntwerden von Rechtsverletzungen werden wir derartige Links umgehend entfernen.<\/p>\n<p><strong>Urheberrecht<\/strong><br \/>\nDie durch die Seitenbetreiber erstellten Inhalte und Werke auf diesen Seiten unterliegen dem deutschen Urheberrecht. Die Vervielf\u00e4ltigung, Bearbeitung, Verbreitung und jede Art der Verwertung au\u00dferhalb der Grenzen des Urheberrechtes bed\u00fcrfen der schriftlichen Zustimmung des jeweiligen Autors bzw. Erstellers. Downloads und Kopien dieser Seite sind nur f\u00fcr den privaten, nicht kommerziellen Gebrauch gestattet. Soweit die Inhalte auf dieser Seite nicht vom Betreiber erstellt wurden, werden die Urheberrechte Dritter beachtet. Insbesondere werden Inhalte Dritter als solche gekennzeichnet. Sollten Sie trotzdem auf eine Urheberrechtsverletzung aufmerksam werden, bitten wir um einen entsprechenden Hinweis. Bei Bekanntwerden von Rechtsverletzungen werden wir derartige Inhalte umgehend entfernen.<\/p>\n<p>Realisierung des Webauftrittes durch Melissa Marquard<\/p>\n","protected":false},"excerpt":{"rendered":"<p>Lebenswert \u00b3 gUG(haftungsbeschr\u00e4nkt) Gesch\u00e4ftsf\u00fchrer der Gesellschaft: Regina Gra\u00df und Andreas Gra\u00df Handelsregister Amtsgericht Jena HRB 514881 Adresse: K\u00f6nigsthalerstr. 15 OT Friedrichsthal 99752 Bleicherode Deutschland Tel. 036337 \/ 488740 Fax. 036337 \/ 488741 E-Mail: lebenswert-hoch3@alte-oberfoersterei.com Website: https:\/\/www.lebenswert-hoch3.de Spendenkonto: Sparkasse Pforzheim Calw Lebenswert\u00b3 gUG(haftungsbeschr\u00e4nkt) IBAN: DE64 6665 0085 0007 3674 57 SWIFT-BIC: PZHSDE66XXX Verantwortlich f\u00fcr den Inhalt: &hellip; <a href=\"https:\/\/lebenswert-hoch3.de\/?page_id=22\" class=\"more-link\"><span class=\"screen-reader-text\">Impressum<\/span> weiterlesen<\/a><\/p>\n","protected":false},"author":1,"featured_media":0,"parent":0,"menu_order":0,"comment_status":"closed","ping_status":"closed","template":"","meta":{"give_campaign_id":0,"footnotes":""},"class_list":["post-22","page","type-page","status-publish","hentry"],"campaignId":"","_links":{"self":[{"href":"https:\/\/lebenswert-hoch3.de\/index.php?rest_route=\/wp\/v2\/pages\/22","targetHints":{"allow":["GET"]}}],"collection":[{"href":"https:\/\/lebenswert-hoch3.de\/index.php?rest_route=\/wp\/v2\/pages"}],"about":[{"href":"https:\/\/lebenswert-hoch3.de\/index.php?rest_route=\/wp\/v2\/types\/page"}],"author":[{"embeddable":true,"href":"https:\/\/lebenswert-hoch3.de\/index.php?rest_route=\/wp\/v2\/users\/1"}],"replies":[{"embeddable":true,"href":"https:\/\/lebenswert-hoch3.de\/index.php?rest_route=%2Fwp%2Fv2%2Fcomments&post=22"}],"version-history":[{"count":10,"href":"https:\/\/lebenswert-hoch3.de\/index.php?rest_route=\/wp\/v2\/pages\/22\/revisions"}],"predecessor-version":[{"id":381,"href":"https:\/\/lebenswert-hoch3.de\/index.php?rest_route=\/wp\/v2\/pages\/22\/revisions\/381"}],"wp:attachment":[{"href":"https:\/\/lebenswert-hoch3.de\/index.php?rest_route=%2Fwp%2Fv2%2Fmedia&parent=22"}],"curies":[{"name":"wp","href":"https:\/\/api.w.org\/{rel}","templated":true}]}}